{"id":1373,"date":"2024-11-23T22:54:20","date_gmt":"2024-11-23T22:54:20","guid":{"rendered":"http:\/\/xperienceperu.com\/home\/"},"modified":"2025-06-18T14:28:27","modified_gmt":"2025-06-18T14:28:27","slug":"inicio","status":"publish","type":"page","link":"https:\/\/xperienceperu.com\/en\/","title":{"rendered":"Home"},"content":{"rendered":"<div data-aos= \"slide-right\" data-aos-duration=\"400\" data-aos-delay=\"0\" data-aos-easing=\"ease\" data-aos-once=\"true\" class=\"wp-block-uagb-container uagb-block-9f353843 alignfull uagb-is-root-container\">\n<figure class=\"wp-block-image aligncenter size-full is-resized\"><img decoding=\"async\" width=\"2382\" height=\"3368\" src=\"https:\/\/xperienceperu.com\/wp-content\/uploads\/2024\/11\/logo-xperienceperu.png\" alt=\"logo-xperienceperu\" class=\"wp-image-1900\" style=\"width:333px;height:auto\" srcset=\"https:\/\/xperienceperu.com\/wp-content\/uploads\/2024\/11\/logo-xperienceperu.png 2382w, https:\/\/xperienceperu.com\/wp-content\/uploads\/2024\/11\/logo-xperienceperu-212x300.png 212w, https:\/\/xperienceperu.com\/wp-content\/uploads\/2024\/11\/logo-xperienceperu-724x1024.png 724w, https:\/\/xperienceperu.com\/wp-content\/uploads\/2024\/11\/logo-xperienceperu-768x1086.png 768w, https:\/\/xperienceperu.com\/wp-content\/uploads\/2024\/11\/logo-xperienceperu-1086x1536.png 1086w, https:\/\/xperienceperu.com\/wp-content\/uploads\/2024\/11\/logo-xperienceperu-1448x2048.png 1448w\" sizes=\"(max-width: 2382px) 100vw, 2382px\" \/><\/figure>\n<\/div>\n\n\n\n<main class=\"wp-block-uagb-container uagb-layout-grid uagb-block-ad58af32 alignfull uagb-is-root-container\"><div class=\"uagb-container-inner-blocks-wrap\">\n<div class=\"wp-block-uagb-advanced-heading uagb-block-13e229d9\"><h1 class=\"uagb-heading-text\">Empowering Your Business<\/h1><p class=\"uagb-desc-text\">We specialize in creating unique experiences that enhance our clients' digital services.<\/p><\/div>\n<\/div><\/main>\n\n\n\n<div class=\"wp-block-uagb-container uagb-layout-flex uagb-block-7ed5636a alignfull uagb-is-root-container\"><div class=\"uagb-container-inner-blocks-wrap\">\n<section class=\"wp-block-uagb-container uagb-layout-flex uagb-block-46107bec\"><div data-aos= \"slide-right\" data-aos-duration=\"400\" data-aos-delay=\"0\" data-aos-easing=\"ease\" data-aos-once=\"true\" class=\"uagb-container__shape uagb-container__shape-top\"><svg xmlns=\"https:\/\/www.w3.org\/2000\/svg\" viewbox=\"0 0 1000 100\" preserveaspectratio=\"none\"><path class=\"uagb-container__shape-fill\" opacity=\"0.33\" d=\"M473,67.3c-203.9,88.3-263.1-34-320.3,0C66,119.1,0,59.7,0,59.7V0h1000v59.7 c0,0-62.1,26.1-94.9,29.3c-32.8,3.3-62.8-12.3-75.8-22.1C806,49.6,745.3,8.7,694.9,4.7S492.4,59,473,67.3z\"><\/path><path class=\"uagb-container__shape-fill\" opacity=\"0.66\" d=\"M734,67.3c-45.5,0-77.2-23.2-129.1-39.1c-28.6-8.7-150.3-10.1-254,39.1 s-91.7-34.4-149.2,0C115.7,118.3,0,39.8,0,39.8V0h1000v36.5c0,0-28.2-18.5-92.1-18.5C810.2,18.1,775.7,67.3,734,67.3z\"><\/path><path class=\"uagb-container__shape-fill\" d=\"M766.1,28.9c-200-57.5-266,65.5-395.1,19.5C242,1.8,242,5.4,184.8,20.6C128,35.8,132.3,44.9,89.9,52.5C28.6,63.7,0,0,0,0 h1000c0,0-9.9,40.9-83.6,48.1S829.6,47,766.1,28.9z\"><\/path><\/svg><\/div><div class=\"uagb-container__shape uagb-container__shape-bottom uagb-container__invert\" data-negative=\"false\"><svg xmlns=\"https:\/\/www.w3.org\/2000\/svg\" viewbox=\"0 0 1000 100\" preserveaspectratio=\"none\"><path class=\"uagb-container__shape-fill\" opacity=\"0.33\" d=\"M473,67.3c-203.9,88.3-263.1-34-320.3,0C66,119.1,0,59.7,0,59.7V0h1000v59.7 c0,0-62.1,26.1-94.9,29.3c-32.8,3.3-62.8-12.3-75.8-22.1C806,49.6,745.3,8.7,694.9,4.7S492.4,59,473,67.3z\"><\/path><path class=\"uagb-container__shape-fill\" opacity=\"0.66\" d=\"M734,67.3c-45.5,0-77.2-23.2-129.1-39.1c-28.6-8.7-150.3-10.1-254,39.1 s-91.7-34.4-149.2,0C115.7,118.3,0,39.8,0,39.8V0h1000v36.5c0,0-28.2-18.5-92.1-18.5C810.2,18.1,775.7,67.3,734,67.3z\"><\/path><path class=\"uagb-container__shape-fill\" d=\"M766.1,28.9c-200-57.5-266,65.5-395.1,19.5C242,1.8,242,5.4,184.8,20.6C128,35.8,132.3,44.9,89.9,52.5C28.6,63.7,0,0,0,0 h1000c0,0-9.9,40.9-83.6,48.1S829.6,47,766.1,28.9z\"><\/path><\/svg><\/div>\n<div class=\"wp-block-uagb-info-box uagb-block-a04965ae uagb-infobox__content-wrap  uagb-infobox-icon-above-title uagb-infobox-image-valign-top wp-block-uagb-info-box--has-margin\"><div class=\"uagb-infobox-margin-wrapper\"><div class=\"uagb-ifb-content\"><div class=\"uagb-ifb-image-content\"><img decoding=\"async\" src=\"https:\/\/xperienceperu.com\/wp-content\/uploads\/2024\/11\/corazon-1-e1732600145226.png\" alt=\"icono de corazon\" width=\"80\" height=\"80\" loading=\"lazy\"\/><\/div><div class=\"uagb-ifb-title-wrap\"><h2 class=\"uagb-ifb-title\">Mission<\/h2><\/div><p class=\"uagb-ifb-desc\">To be the strategic partner that transforms companies, driven by a strong strategy based on knowledge, experience, innovation, and technology.<\/p><\/div><\/div><\/div>\n<\/section>\n\n\n\n<section class=\"wp-block-uagb-container uagb-layout-flex uagb-block-937a28c5\"><div data-aos= \"slide-left\" data-aos-duration=\"400\" data-aos-delay=\"0\" data-aos-easing=\"ease\" data-aos-once=\"true\" class=\"uagb-container__shape uagb-container__shape-top\"><svg xmlns=\"https:\/\/www.w3.org\/2000\/svg\" viewbox=\"0 0 1000 100\" preserveaspectratio=\"none\"><path class=\"uagb-container__shape-fill\" opacity=\"0.33\" d=\"M473,67.3c-203.9,88.3-263.1-34-320.3,0C66,119.1,0,59.7,0,59.7V0h1000v59.7 c0,0-62.1,26.1-94.9,29.3c-32.8,3.3-62.8-12.3-75.8-22.1C806,49.6,745.3,8.7,694.9,4.7S492.4,59,473,67.3z\"><\/path><path class=\"uagb-container__shape-fill\" opacity=\"0.66\" d=\"M734,67.3c-45.5,0-77.2-23.2-129.1-39.1c-28.6-8.7-150.3-10.1-254,39.1 s-91.7-34.4-149.2,0C115.7,118.3,0,39.8,0,39.8V0h1000v36.5c0,0-28.2-18.5-92.1-18.5C810.2,18.1,775.7,67.3,734,67.3z\"><\/path><path class=\"uagb-container__shape-fill\" d=\"M766.1,28.9c-200-57.5-266,65.5-395.1,19.5C242,1.8,242,5.4,184.8,20.6C128,35.8,132.3,44.9,89.9,52.5C28.6,63.7,0,0,0,0 h1000c0,0-9.9,40.9-83.6,48.1S829.6,47,766.1,28.9z\"><\/path><\/svg><\/div><div class=\"uagb-container__shape uagb-container__shape-bottom uagb-container__invert\" data-negative=\"false\"><svg xmlns=\"https:\/\/www.w3.org\/2000\/svg\" viewbox=\"0 0 1000 100\" preserveaspectratio=\"none\"><path class=\"uagb-container__shape-fill\" opacity=\"0.33\" d=\"M473,67.3c-203.9,88.3-263.1-34-320.3,0C66,119.1,0,59.7,0,59.7V0h1000v59.7 c0,0-62.1,26.1-94.9,29.3c-32.8,3.3-62.8-12.3-75.8-22.1C806,49.6,745.3,8.7,694.9,4.7S492.4,59,473,67.3z\"><\/path><path class=\"uagb-container__shape-fill\" opacity=\"0.66\" d=\"M734,67.3c-45.5,0-77.2-23.2-129.1-39.1c-28.6-8.7-150.3-10.1-254,39.1 s-91.7-34.4-149.2,0C115.7,118.3,0,39.8,0,39.8V0h1000v36.5c0,0-28.2-18.5-92.1-18.5C810.2,18.1,775.7,67.3,734,67.3z\"><\/path><path class=\"uagb-container__shape-fill\" d=\"M766.1,28.9c-200-57.5-266,65.5-395.1,19.5C242,1.8,242,5.4,184.8,20.6C128,35.8,132.3,44.9,89.9,52.5C28.6,63.7,0,0,0,0 h1000c0,0-9.9,40.9-83.6,48.1S829.6,47,766.1,28.9z\"><\/path><\/svg><\/div>\n<div class=\"wp-block-uagb-info-box uagb-block-7508516c uagb-infobox__content-wrap  uagb-infobox-icon-above-title uagb-infobox-image-valign-top\"><div class=\"uagb-ifb-content\"><div class=\"uagb-ifb-image-content\"><img decoding=\"async\" src=\"https:\/\/xperienceperu.com\/wp-content\/uploads\/2024\/11\/icon-vision-e1732600161772.png\" alt=\"\" width=\"80\" height=\"80\" loading=\"lazy\"\/><\/div><div class=\"uagb-ifb-title-wrap\"><h3 class=\"uagb-ifb-title\">Vision<\/h3><\/div><p class=\"uagb-ifb-desc\">To be an indispensable ally in our clients' digital transformation process, implementing new technological solutions in their products and services.<\/p><\/div><\/div>\n<\/section>\n<\/div><\/div>\n\n\n\n<main class=\"wp-block-uagb-container uagb-layout-grid uagb-block-9b8cb4c1 alignfull uagb-is-root-container\">\n<div class=\"wp-block-uagb-advanced-heading uagb-block-82ec0476\"><h2 class=\"uagb-heading-text\">We don't just offer services;<\/h2><p class=\"uagb-desc-text\">&nbsp;we provide experiences<\/p><\/div>\n<\/main>\n\n\n\n<div class=\"wp-block-uagb-container uagb-layout-flex uagb-block-7394bb3b alignfull uagb-is-root-container\"><div class=\"uagb-container-inner-blocks-wrap\">\n<section class=\"wp-block-uagb-container uagb-layout-flex uagb-block-e6c276b3\">\n<div data-aos= \"slide-right\" data-aos-duration=\"400\" data-aos-delay=\"0\" data-aos-easing=\"ease\" data-aos-once=\"true\" class=\"wp-block-uagb-info-box uagb-block-05b63773 uagb-infobox__content-wrap  uagb-infobox-icon-above-title uagb-infobox-image-valign-top\"><div class=\"uagb-ifb-content\"><div class=\"uagb-ifb-image-content\"><img decoding=\"async\" src=\"https:\/\/xperienceperu.com\/wp-content\/uploads\/2024\/11\/creatividad-e1732604028304.png\" alt=\"\" width=\"80\" height=\"80\" loading=\"lazy\"\/><\/div><div class=\"uagb-ifb-title-wrap\"><h1 class=\"uagb-ifb-title\">Creativity<\/h1><\/div><p class=\"uagb-ifb-desc\">We stand out by innovating and creating in each project, aligning with your company's objectives.<\/p><\/div><\/div>\n<\/section>\n\n\n\n<section class=\"wp-block-uagb-container uagb-layout-flex uagb-block-e0d9f067\">\n<div data-aos= \"flip-up\" data-aos-duration=\"400\" data-aos-delay=\"0\" data-aos-easing=\"ease\" data-aos-once=\"true\" class=\"wp-block-uagb-info-box uagb-block-591621e0 uagb-infobox__content-wrap  uagb-infobox-icon-above-title uagb-infobox-image-valign-top\"><div class=\"uagb-ifb-content\"><div class=\"uagb-ifb-image-content\"><img decoding=\"async\" src=\"https:\/\/xperienceperu.com\/wp-content\/uploads\/2024\/11\/compromiso-e1732606897634.png\" alt=\"\" width=\"90\" height=\"90\" loading=\"lazy\"\/><\/div><div class=\"uagb-ifb-title-wrap\"><h1 class=\"uagb-ifb-title\">Commitment<\/h1><\/div><p class=\"uagb-ifb-desc\">We are a team dedicated to digital transformation, offering the best solutions in digital services.<\/p><\/div><\/div>\n<\/section>\n\n\n\n<section class=\"wp-block-uagb-container uagb-layout-flex uagb-block-7780167b\">\n<div data-aos= \"slide-left\" data-aos-duration=\"400\" data-aos-delay=\"0\" data-aos-easing=\"ease\" data-aos-once=\"true\" class=\"wp-block-uagb-info-box uagb-block-e0238d3d uagb-infobox__content-wrap  uagb-infobox-icon-above-title uagb-infobox-image-valign-top\"><div class=\"uagb-ifb-content\"><div class=\"uagb-ifb-image-content\"><img decoding=\"async\" src=\"https:\/\/xperienceperu.com\/wp-content\/uploads\/2024\/11\/icon-innova-e1732606795184.png\" alt=\"\" width=\"90\" height=\"91\" loading=\"lazy\"\/><\/div><div class=\"uagb-ifb-title-wrap\"><h1 class=\"uagb-ifb-title\">Innovation<\/h1><\/div><p class=\"uagb-ifb-desc\">We reinvent ourselves in each project, combining the latest trends with each client's unique identity.<\/p><\/div><\/div>\n<\/section>\n<\/div><\/div>\n\n\n\n<main class=\"wp-block-uagb-container uagb-layout-grid uagb-block-e872ab09 alignfull uagb-is-root-container\">\n<div class=\"wp-block-uagb-advanced-heading uagb-block-b642afc4\"><h2 class=\"uagb-heading-text\">All design areas<\/h2><p class=\"uagb-desc-text\">in which we specialize<\/p><\/div>\n<\/main>\n\n\n\n<div class=\"wp-block-uagb-container uagb-layout-flex uagb-block-f0cfa53f alignfull uagb-is-root-container\"><div class=\"uagb-container-inner-blocks-wrap\">\n<div class=\"wp-block-uagb-container uagb-block-c1bd4735\">\n<div class=\"wp-block-uagb-info-box uagb-block-75dd2d71 uagb-infobox__content-wrap  uagb-infobox-icon-above-title uagb-infobox-image-valign-top\"><div class=\"uagb-ifb-content\"><div class=\"uagb-ifb-title-wrap\"><h5 class=\"uagb-ifb-title\">Advertising Graphic Design<\/h5><\/div><p class=\"uagb-ifb-desc\">We offer advertising graphic design to boost your online sales and at fairs or events.<\/p><div class=\"uagb-ifb-button-wrapper wp-block-button\"><a href=\"https:\/\/wa.me\/51994538238?text=Hello,Iwouldliketorequestaquotefortheadvertisinggraphicdesignservice.\" class=\"uagb-infobox-cta-link wp-block-button__link\" target=\"_blank\" rel=\"noopener noreferrer\" onclick=\"return true;\"><span class=\"uagb-inline-editing\">Request a Quote<\/span><\/a><\/div><\/div><\/div>\n<\/div>\n\n\n\n<div class=\"wp-block-uagb-container uagb-block-d8cf5bd3\">\n<div class=\"wp-block-uagb-info-box uagb-block-8c763421 uagb-infobox__content-wrap  uagb-infobox-icon-above-title uagb-infobox-image-valign-top\"><div class=\"uagb-ifb-content\"><div class=\"uagb-ifb-title-wrap\"><h5 class=\"uagb-ifb-title\">Web Design<\/h5><\/div><p class=\"uagb-ifb-desc\">We design user-friendly websites that clearly showcase your products, project trust, and generate sales.<\/p><div class=\"uagb-ifb-button-wrapper wp-block-button\"><a href=\"https:\/\/wa.me\/51994538238?text=Hello,Iwouldliketorequestaquoteforthewebdesignservice.\" class=\"uagb-infobox-cta-link wp-block-button__link\" target=\"_blank\" rel=\"noopener noreferrer\" onclick=\"return true;\"><span class=\"uagb-inline-editing\">Request a Quote<\/span><\/a><\/div><\/div><\/div>\n<\/div>\n\n\n\n<div class=\"wp-block-uagb-container uagb-block-555b53d9\">\n<div class=\"wp-block-uagb-info-box uagb-block-61a60cef uagb-infobox__content-wrap  uagb-infobox-icon-above-title uagb-infobox-image-valign-top\"><div class=\"uagb-ifb-content\"><div class=\"uagb-ifb-title-wrap\"><h5 class=\"uagb-ifb-title\">UX\/UI Design Services<\/h5><\/div><p class=\"uagb-ifb-desc\">We design elegant and intuitive interfaces for web and mobile that attract users and highlight your brand.<\/p><div class=\"uagb-ifb-button-wrapper wp-block-button\"><a href=\"https:\/\/wa.me\/51994538238?text=Hello,IwouldliketorequestaquotefortheUX\/UIdesignservice.\" class=\"uagb-infobox-cta-link wp-block-button__link\" target=\"_self\" rel=\"noopener noreferrer\" onclick=\"return true;\"><span class=\"uagb-inline-editing\">Request a Quote<\/span><\/a><\/div><\/div><\/div>\n<\/div>\n<\/div><\/div>\n\n\n\n<div class=\"wp-block-uagb-container uagb-block-bda0dbaf alignfull uagb-is-root-container\"><div class=\"uagb-container-inner-blocks-wrap\">\n<div class=\"wp-block-uagb-container uagb-block-4848280e\">\n<div class=\"wp-block-uagb-advanced-heading uagb-block-e417f0af\"><h2 class=\"uagb-heading-text\">Contact Us<\/h2><\/div>\n\n\n\n<div class=\"wp-block-uagb-container uagb-block-201f35fb alignwide uagb-is-root-container\">\n<div class=\"wp-block-uagb-container uagb-block-4949e0d9\">\n<header class=\"wp-block-uagb-advanced-heading uagb-block-966203c7\"><h6 class=\"uagb-heading-text\"><strong>Please fill out the following form, and we will contact you once we have processed your request.<\/strong><\/h6><\/header>\n\n\n\n<div class=\"wp-block-uagb-info-box uagb-block-d852c5ee uagb-infobox__content-wrap  uagb-infobox-icon-above-title uagb-infobox-image-valign-top\"><div class=\"uagb-ifb-content\"><div class=\"uagb-ifb-title-wrap\"><p class=\"uagb-ifb-title-prefix\">Office<\/p><h6 class=\"uagb-ifb-title\">Peru \u2013 Miraflores<br>Calle Bolognesi 364<\/h6><\/div><\/div><\/div>\n\n\n\n<div class=\"wp-block-uagb-info-box uagb-block-e72c22e5 uagb-infobox__content-wrap  uagb-infobox-icon-above-title uagb-infobox-image-valign-top\"><div class=\"uagb-ifb-content\"><div class=\"uagb-ifb-title-wrap\"><p class=\"uagb-ifb-title-prefix\">You can also send your request to the email:<\/p><h6 class=\"uagb-ifb-title\"><a href=\"mailto:ventas@xperienceperu.com\"><br><\/a><strong>ventas@xperienceperu.com<\/strong><\/h6><\/div><\/div><\/div>\n\n\n\n<div class=\"wp-block-uagb-info-box uagb-block-c4858cb0 uagb-infobox__content-wrap  uagb-infobox-icon-above-title uagb-infobox-image-valign-top\"><div class=\"uagb-ifb-content\"><div class=\"uagb-ifb-title-wrap\"><p class=\"uagb-ifb-title-prefix\">WhatsApp:<\/p><h6 class=\"uagb-ifb-title\">+51 9945 &#8211; 38238<br><\/h6><\/div><\/div><\/div>\n<\/div>\n\n\n\n<div class=\"wp-block-uagb-container uagb-layout-flex uagb-block-77244686\">\n<div class=\"wp-block-uagb-forms uagb-forms__outer-wrap uagb-block-718a666f uagb-forms__medium-btn\"><form class=\"uagb-forms-main-form\" method=\"post\" autocomplete=\"on\" name=\"uagb-form-718a666f\" action=\"\">\n<div class=\"wp-block-uagb-forms-name uagb-forms-name-wrap uagb-forms-field-set uagb-block-0361712b uag-col-2\"><div class=\"uagb-forms-name-label required uagb-forms-input-label\" id=\"0361712b\">Name<\/div><input type=\"text\" placeholder=\"Full name\" required class=\"uagb-forms-name-input uagb-forms-input\" name=\"0361712b\" autocomplete=\"name\"\/><\/div>\n\n\n\n<div class=\"wp-block-uagb-forms-email uagb-forms-email-wrap uagb-forms-field-set uagb-block-c0616b9a uag-col-2\"><div class=\"uagb-forms-email-label required uagb-forms-input-label\" id=\"c0616b9a\">Email<\/div><input type=\"email\" class=\"uagb-forms-email-input uagb-forms-input\" placeholder=\"empresa@dominio.com\" required name=\"c0616b9a\" autocomplete=\"email\"\/><\/div>\n\n\n\n<div class=\"wp-block-uagb-forms-name uagb-forms-name-wrap uagb-forms-field-set uagb-block-8689e837\"><div class=\"uagb-forms-name-label required uagb-forms-input-label\" id=\"8689e837\">WhatsApp \/ Tel\u00e9fono<\/div><input type=\"text\" placeholder=\"WhatsApp \/ Phone\" required class=\"uagb-forms-name-input uagb-forms-input\" name=\"8689e837\" autocomplete=\"off\"\/><\/div>\n\n\n\n<div class=\"wp-block-uagb-forms-name uagb-forms-name-wrap uagb-forms-field-set uagb-block-220dae62\"><div class=\"uagb-forms-name-label required uagb-forms-input-label\" id=\"220dae62\">Subject<\/div><input type=\"text\" placeholder=\"Tell us what requirements you need.\" required class=\"uagb-forms-name-input uagb-forms-input\" name=\"220dae62\" autocomplete=\"off\"\/><\/div>\n\n\n\n<div class=\"wp-block-uagb-forms-textarea uagb-forms-textarea-wrap uagb-forms-field-set uagb-block-54bd57fd\"><div class=\"uagb-forms-textarea-label required uagb-forms-input-label\" id=\"54bd57fd\">Message<\/div><textarea required class=\"uagb-forms-textarea-input uagb-forms-input\" rows=\"4\" placeholder=\"Describe your needs in detail.\" name=\"54bd57fd\" autocomplete=\"off\"><\/textarea><\/div>\n<div class=\"uagb-forms-form-hidden-data\"><input type=\"hidden\" class=\"uagb_forms_form_label\" value=\"Spectra Form\"\/><input type=\"hidden\" class=\"uagb_forms_form_id\" value=\"uagb-form-718a666f\"\/><\/div><div class=\"uagb-form-reacaptcha-error-718a666f\"><\/div><div class=\"uagb-forms-main-submit-button-wrap wp-block-button\"><button class=\"uagb-forms-main-submit-button wp-block-button__link\"><div class=\"uagb-forms-main-submit-button-text\">Send Message<\/div><\/button><\/div><input type=\"hidden\" name=\"trp-form-language\" value=\"en\"\/><\/form><div class=\"uagb-forms-success-message-718a666f uagb-forms-submit-message-hide\"><span>Your message was sent successfully!<\/span><\/div><div class=\"uagb-forms-failed-message-718a666f uagb-forms-submit-message-hide\"><span>There was a problem; please send your message to ventas@experience.com<\/span><\/div><\/div>\n<\/div>\n<\/div>\n<\/div>\n<\/div><\/div>\n\n\n\n<p><\/p>","protected":false},"excerpt":{"rendered":"<p>Potenciamos Tu Negocio Somos expertos creando experiencias \u00fanicas, que impactan en los servicios digitales de nuestros clientes. No s\u00f3lo ofrecemos servicios &nbsp;brindamos experiencias Todos los \u00e1mbitos de dise\u00f1o en los que nos especializamos Cont\u00e1ctanos Rellene el siguiente formulario y nos pondremos en contacto con usted cuando hayamos procesado su solicitud.<\/p>","protected":false},"author":1,"featured_media":0,"parent":0,"menu_order":0,"comment_status":"closed","ping_status":"closed","template":"","meta":{"_uag_custom_page_level_css":"","site-sidebar-layout":"no-sidebar","site-content-layout":"page-builder","ast-site-content-layout":"full-width-container","site-content-style":"unboxed","site-sidebar-style":"unboxed","ast-global-header-display":"","ast-banner-title-visibility":"","ast-main-header-display":"","ast-hfb-above-header-display":"","ast-hfb-below-header-display":"","ast-hfb-mobile-header-display":"","site-post-title":"disabled","ast-breadcrumbs-content":"","ast-featured-img":"disabled","footer-sml-layout":"","theme-transparent-header-meta":"default","adv-header-id-meta":"","stick-header-meta":"","header-above-stick-meta":"","header-main-stick-meta":"","header-below-stick-meta":"","astra-migrate-meta-layouts":"set","ast-page-background-enabled":"default","ast-page-background-meta":{"desktop":{"background-color":"","background-image":"","background-repeat":"repeat","background-position":"center center","background-size":"auto","background-attachment":"scroll","background-type":"","background-media":"","overlay-type":"","overlay-color":"","overlay-opacity":"","overlay-gradient":""},"tablet":{"background-color":"","background-image":"","background-repeat":"repeat","background-position":"center center","background-size":"auto","background-attachment":"scroll","background-type":"","background-media":"","overlay-type":"","overlay-color":"","overlay-opacity":"","overlay-gradient":""},"mobile":{"background-color":"","background-image":"","background-repeat":"repeat","background-position":"center center","background-size":"auto","background-attachment":"scroll","background-type":"","background-media":"","overlay-type":"","overlay-color":"","overlay-opacity":"","overlay-gradient":""}},"ast-content-background-meta":{"desktop":{"background-color":"var(--ast-global-color-5)","background-image":"","background-repeat":"repeat","background-position":"center center","background-size":"auto","background-attachment":"scroll","background-type":"","background-media":"","overlay-type":"","overlay-color":"","overlay-opacity":"","overlay-gradient":""},"tablet":{"background-color":"var(--ast-global-color-5)","background-image":"","background-repeat":"repeat","background-position":"center center","background-size":"auto","background-attachment":"scroll","background-type":"","background-media":"","overlay-type":"","overlay-color":"","overlay-opacity":"","overlay-gradient":""},"mobile":{"background-color":"var(--ast-global-color-5)","background-image":"","background-repeat":"repeat","background-position":"center center","background-size":"auto","background-attachment":"scroll","background-type":"","background-media":"","overlay-type":"","overlay-color":"","overlay-opacity":"","overlay-gradient":""}},"footnotes":""},"class_list":["post-1373","page","type-page","status-publish","hentry"],"aioseo_notices":[],"uagb_featured_image_src":{"full":false,"thumbnail":false,"medium":false,"medium_large":false,"large":false,"1536x1536":false,"2048x2048":false,"trp-custom-language-flag":false},"uagb_author_info":{"display_name":"ventas@lizethgalvez.com","author_link":"https:\/\/xperienceperu.com\/en\/author\/ventaslizethgalvez-com\/"},"uagb_comment_info":0,"uagb_excerpt":"Potenciamos Tu Negocio Somos expertos creando experiencias \u00fanicas, que impactan en los servicios digitales de nuestros clientes. No s\u00f3lo ofrecemos servicios &nbsp;brindamos experiencias Todos los \u00e1mbitos de dise\u00f1o en los que nos especializamos Cont\u00e1ctanos Rellene el siguiente formulario y nos pondremos en contacto con usted cuando hayamos procesado su solicitud.","_links":{"self":[{"href":"https:\/\/xperienceperu.com\/en\/wp-json\/wp\/v2\/pages\/1373","targetHints":{"allow":["GET"]}}],"collection":[{"href":"https:\/\/xperienceperu.com\/en\/wp-json\/wp\/v2\/pages"}],"about":[{"href":"https:\/\/xperienceperu.com\/en\/wp-json\/wp\/v2\/types\/page"}],"author":[{"embeddable":true,"href":"https:\/\/xperienceperu.com\/en\/wp-json\/wp\/v2\/users\/1"}],"replies":[{"embeddable":true,"href":"https:\/\/xperienceperu.com\/en\/wp-json\/wp\/v2\/comments?post=1373"}],"version-history":[{"count":239,"href":"https:\/\/xperienceperu.com\/en\/wp-json\/wp\/v2\/pages\/1373\/revisions"}],"predecessor-version":[{"id":2315,"href":"https:\/\/xperienceperu.com\/en\/wp-json\/wp\/v2\/pages\/1373\/revisions\/2315"}],"wp:attachment":[{"href":"https:\/\/xperienceperu.com\/en\/wp-json\/wp\/v2\/media?parent=1373"}],"curies":[{"name":"wp","href":"https:\/\/api.w.org\/{rel}","templated":true}]}}